{"id":711,"date":"2018-07-09T09:02:11","date_gmt":"2018-07-09T07:02:11","guid":{"rendered":"http:\/\/www.avantiafertilidad.com\/blog\/?page_id=711"},"modified":"2020-03-27T11:33:51","modified_gmt":"2020-03-27T10:33:51","slug":"politica-de-privacidad-blog","status":"publish","type":"page","link":"http:\/\/www.avantiafertilidad.com\/blog\/politica-de-privacidad-blog\/","title":{"rendered":"Pol\u00edtica de privacidad"},"content":{"rendered":"<p>\n\tInstituto Avantia de Fertilidad, S.L.P. es el responsable del tratamiento de los datos<br \/>\npersonales del Usuario, por lo que le facilita la siguiente informaci\u00f3n del tratamiento:\n<\/p>\n<ul>\n<li><strong>Fin del tratamiento:<\/strong> gesti\u00f3n y moderaci\u00f3n de los comentarios publicados en los post.<\/li>\n<li><strong>Criterios de conservaci\u00f3n de los datos:<\/strong> se conservar\u00e1n mientras exista un inter\u00e9s<br \/>\nmutuo para mantener el fin del tratamiento y cuando ya no sea necesario para tal fin,<br \/>\nse suprimir\u00e1n con medidas de seguridad adecuadas para garantizar la seudonimizaci\u00f3n<br \/>\nde los datos o la destrucci\u00f3n total de los mismos.<\/li>\n<li><strong>Comunicaci\u00f3n de los datos:<\/strong> no se comunicar\u00e1n los datos a terceros, salvo obligaci\u00f3n<br \/>\nlegal.<\/li>\n<li><strong>Legitimaci\u00f3n:<\/strong> al marcar la casilla de aceptaci\u00f3n, da el consentimiento para que tus<br \/>\ndatos sean tratados conforme a las finalidades expuestas anteriormente.<\/li>\n<\/ul>\n<p>\n\t<strong>Derechos que asisten al usuario:<\/strong> Derecho a retirar el consentimiento en cualquier momento.<br \/>\nDerecho de acceso, rectificaci\u00f3n, portabilidad y supresi\u00f3n de sus datos y a la limitaci\u00f3n u<br \/>\noposici\u00f3n al su tratamiento. Derecho a presentar una reclamaci\u00f3n ante la Autoridad de control<br \/>\n(agpd.es) si considera que el tratamiento no se ajusta a la normativa vigente. En caso de<br \/>\nquerer darse de baja de la suscripci\u00f3n, responda al email aqu\u00ed incluido con esa decisi\u00f3n.\n<\/p>\n<p>\n\tPodr\u00e1 ejercitar sus derechos sobre sus datos personales a trav\u00e9s de cualquiera de las<br \/>\nsiguientes v\u00edas:\n<\/p>\n<p>\nCalle Emir 1, 18006 Granada o en el email: <a href=\"mailto:info@avantiafertilidad.com\">info@avantiafertilidad.com<\/a><\/br><br \/>\n<strong>Delegado de protecci\u00f3n de datos:<\/strong> <a href=\"mailto:delegadodeprotecciondedatos@dataevalua.com\">delegadodeprotecciondedatos@dataevalua.com<\/a>\n<\/p>\n<p>\n\tDerecho a presentar una reclamaci\u00f3n ante la Autoridad de control si no ha obtenido<br \/>\nsatisfacci\u00f3n en el ejercicio de sus derechos, en este caso, ante la Agencia Espa\u00f1ola de<br \/>\nprotecci\u00f3n de datos <a href=\"http:\/\/www.aepd.es\">http:\/\/www.aepd.es<\/a>\n<\/p>\n<p>\nPuede consultar la informaci\u00f3n adicional y detallada sobre Protecci\u00f3n de Datos en nuestra<br \/>\n<a href=\"http:\/\/www.avantiafertilidad.com\/es\/uncategorised\/politica-de-privacidad\">p\u00e1gina web<\/a><\/p>\n","protected":false},"excerpt":{"rendered":"<p>Instituto Avantia de Fertilidad, S.L.P. es el responsable del tratamiento de los datos personales del Usuario, por lo que le facilita la siguiente informaci\u00f3n del tratamiento: Fin del tratamiento: gesti\u00f3n y moderaci\u00f3n de los comentarios publicados en los post. Criterios de conservaci\u00f3n de los datos: se conservar\u00e1n mientras exista un inter\u00e9s mutuo para mantener el [&hellip;]<\/p>\n","protected":false},"author":4,"featured_media":0,"parent":0,"menu_order":0,"comment_status":"closed","ping_status":"closed","template":"","meta":[],"_links":{"self":[{"href":"http:\/\/www.avantiafertilidad.com\/blog\/wp-json\/wp\/v2\/pages\/711"}],"collection":[{"href":"http:\/\/www.avantiafertilidad.com\/blog\/wp-json\/wp\/v2\/pages"}],"about":[{"href":"http:\/\/www.avantiafertilidad.com\/blog\/wp-json\/wp\/v2\/types\/page"}],"author":[{"embeddable":true,"href":"http:\/\/www.avantiafertilidad.com\/blog\/wp-json\/wp\/v2\/users\/4"}],"replies":[{"embeddable":true,"href":"http:\/\/www.avantiafertilidad.com\/blog\/wp-json\/wp\/v2\/comments?post=711"}],"version-history":[{"count":8,"href":"http:\/\/www.avantiafertilidad.com\/blog\/wp-json\/wp\/v2\/pages\/711\/revisions"}],"predecessor-version":[{"id":1733,"href":"http:\/\/www.avantiafertilidad.com\/blog\/wp-json\/wp\/v2\/pages\/711\/revisions\/1733"}],"wp:attachment":[{"href":"http:\/\/www.avantiafertilidad.com\/blog\/wp-json\/wp\/v2\/media?parent=711"}],"curies":[{"name":"wp","href":"https:\/\/api.w.org\/{rel}","templated":true}]}}